{"id":270,"date":"2019-10-23T01:59:45","date_gmt":"2019-10-23T01:59:45","guid":{"rendered":"https:\/\/demo2wpopal.b-cdn.net\/rehomes\/?page_id=270"},"modified":"2025-05-08T18:21:41","modified_gmt":"2025-05-08T16:21:41","slug":"our-leaders","status":"publish","type":"page","link":"https:\/\/www.castelgandolfobedbreakfast.it\/nw\/our-leaders\/","title":{"rendered":"le nostre stanze"},"content":{"rendered":"\t\t<div data-elementor-type=\"wp-page\" data-elementor-id=\"270\" class=\"elementor elementor-270\">\n\t\t\t\t\t\t<section class=\"elementor-section elementor-top-section elementor-element elementor-element-5d002ac elementor-section-stretched elementor-section-boxed elementor-section-height-default elementor-section-height-default\" data-id=\"5d002ac\" data-element_type=\"section\" data-settings=\"{&quot;stretch_section&quot;:&quot;section-stretched&quot;}\">\n\t\t\t\t\t\t<div class=\"elementor-container elementor-column-gap-no\">\n\t\t\t\t\t<div class=\"elementor-column elementor-col-100 elementor-top-column elementor-element elementor-element-24af345\" data-id=\"24af345\" data-element_type=\"column\">\n\t\t\t<div class=\"elementor-widget-wrap elementor-element-populated\">\n\t\t\t\t\t\t<div class=\"elementor-element elementor-element-dba4b02 elementor-widget elementor-widget-heading\" data-id=\"dba4b02\" data-element_type=\"widget\" data-widget_type=\"heading.default\">\n\t\t\t\t<div class=\"elementor-widget-container\">\n\t\t\t<style>\/*! elementor - v3.21.0 - 08-05-2024 *\/\n.elementor-heading-title{padding:0;margin:0;line-height:1}.elementor-widget-heading .elementor-heading-title[class*=elementor-size-]>a{color:inherit;font-size:inherit;line-height:inherit}.elementor-widget-heading .elementor-heading-title.elementor-size-small{font-size:15px}.elementor-widget-heading .elementor-heading-title.elementor-size-medium{font-size:19px}.elementor-widget-heading .elementor-heading-title.elementor-size-large{font-size:29px}.elementor-widget-heading .elementor-heading-title.elementor-size-xl{font-size:39px}.elementor-widget-heading .elementor-heading-title.elementor-size-xxl{font-size:59px}<\/style><div class=\"elementor-heading-wrapper\" ><div class=\"elementor-heading-wrapper-inner\"><h1 class=\"elementor-heading-title elementor-size-default\">Le nostre stanze<\/h1><\/div><\/div>\t\t<\/div>\n\t\t\t\t<\/div>\n\t\t\t\t\t<\/div>\n\t\t<\/div>\n\t\t\t\t\t<\/div>\n\t\t<\/section>\n\t\t<div class=\"elementor-element elementor-element-049a281 e-flex e-con-boxed e-con e-parent\" data-id=\"049a281\" data-element_type=\"container\">\n\t\t\t\t\t<div class=\"e-con-inner\">\n\t\t<div class=\"elementor-element elementor-element-83576ec e-con-full e-flex e-con e-child\" data-id=\"83576ec\" data-element_type=\"container\">\n\t\t\t\t<div class=\"elementor-element elementor-element-da23425 elementor-position-top elementor-vertical-align-top elementor-widget elementor-widget-image-box\" data-id=\"da23425\" data-element_type=\"widget\" data-widget_type=\"image-box.default\">\n\t\t\t\t<div class=\"elementor-widget-container\">\n\t\t\t<style>\/*! elementor - v3.21.0 - 08-05-2024 *\/\n.elementor-widget-image-box .elementor-image-box-content{width:100%}@media (min-width:768px){.elementor-widget-image-box.elementor-position-left .elementor-image-box-wrapper,.elementor-widget-image-box.elementor-position-right .elementor-image-box-wrapper{display:flex}.elementor-widget-image-box.elementor-position-right .elementor-image-box-wrapper{text-align:end;flex-direction:row-reverse}.elementor-widget-image-box.elementor-position-left .elementor-image-box-wrapper{text-align:start;flex-direction:row}.elementor-widget-image-box.elementor-position-top .elementor-image-box-img{margin:auto}.elementor-widget-image-box.elementor-vertical-align-top .elementor-image-box-wrapper{align-items:flex-start}.elementor-widget-image-box.elementor-vertical-align-middle .elementor-image-box-wrapper{align-items:center}.elementor-widget-image-box.elementor-vertical-align-bottom .elementor-image-box-wrapper{align-items:flex-end}}@media (max-width:767px){.elementor-widget-image-box .elementor-image-box-img{margin-left:auto!important;margin-right:auto!important;margin-bottom:15px}}.elementor-widget-image-box .elementor-image-box-img{display:inline-block}.elementor-widget-image-box .elementor-image-box-title a{color:inherit}.elementor-widget-image-box .elementor-image-box-wrapper{text-align:center}.elementor-widget-image-box .elementor-image-box-description{margin:0}<\/style><div class=\"elementor-image-box-wrapper elementor-button-\"><div class=\"elementor-image-framed\"><figure class=\"elementor-image-box-img\"><a href=\"https:\/\/www.castelgandolfobedbreakfast.it\/nw\/portfolio\/il-valentino\/\"><img fetchpriority=\"high\" decoding=\"async\" width=\"1600\" height=\"1087\" src=\"https:\/\/www.castelgandolfobedbreakfast.it\/nw\/wp-content\/uploads\/2024\/05\/VALENTINO-2.jpg\" class=\"attachment-full size-full wp-image-6961\" alt=\"\" srcset=\"https:\/\/www.castelgandolfobedbreakfast.it\/nw\/wp-content\/uploads\/2024\/05\/VALENTINO-2.jpg 1600w, https:\/\/www.castelgandolfobedbreakfast.it\/nw\/wp-content\/uploads\/2024\/05\/VALENTINO-2-300x204.jpg 300w, https:\/\/www.castelgandolfobedbreakfast.it\/nw\/wp-content\/uploads\/2024\/05\/VALENTINO-2-1024x696.jpg 1024w, https:\/\/www.castelgandolfobedbreakfast.it\/nw\/wp-content\/uploads\/2024\/05\/VALENTINO-2-768x522.jpg 768w, https:\/\/www.castelgandolfobedbreakfast.it\/nw\/wp-content\/uploads\/2024\/05\/VALENTINO-2-1536x1044.jpg 1536w, https:\/\/www.castelgandolfobedbreakfast.it\/nw\/wp-content\/uploads\/2024\/05\/VALENTINO-2-700x476.jpg 700w\" sizes=\"(max-width: 1600px) 100vw, 1600px\" \/><\/a><\/figure><\/div><div class=\"elementor-image-box-content\"><h3 class=\"elementor-image-box-title\"><a href=\"https:\/\/www.castelgandolfobedbreakfast.it\/nw\/portfolio\/il-valentino\/\">Valentino<\/a><\/h3><p class=\"elementor-image-box-description\">L\u2019appartamento \u00e8 di recente ristrutturazione e molto curato nei dettagli. In ogni ambiente si respira l\u2019atmosfera inalterata di una citt\u00e0 ricca di storia.<\/p><\/div><\/div>\t\t<\/div>\n\t\t\t\t<\/div>\n\t\t\t\t<\/div>\n\t\t<div class=\"elementor-element elementor-element-aa25d25 e-con-full e-flex e-con e-child\" data-id=\"aa25d25\" data-element_type=\"container\">\n\t\t\t\t<div class=\"elementor-element elementor-element-d904ef7 elementor-position-top elementor-vertical-align-top elementor-widget elementor-widget-image-box\" data-id=\"d904ef7\" data-element_type=\"widget\" data-widget_type=\"image-box.default\">\n\t\t\t\t<div class=\"elementor-widget-container\">\n\t\t\t<div class=\"elementor-image-box-wrapper elementor-button-\"><div class=\"elementor-image-framed\"><figure class=\"elementor-image-box-img\"><a href=\"https:\/\/www.castelgandolfobedbreakfast.it\/nw\/portfolio\/romeo-juliet\/\"><img decoding=\"async\" width=\"1170\" height=\"839\" src=\"https:\/\/www.castelgandolfobedbreakfast.it\/nw\/wp-content\/uploads\/2024\/05\/ROMEO-JULIET-6.jpg\" class=\"attachment-full size-full wp-image-7031\" alt=\"\" srcset=\"https:\/\/www.castelgandolfobedbreakfast.it\/nw\/wp-content\/uploads\/2024\/05\/ROMEO-JULIET-6.jpg 1170w, https:\/\/www.castelgandolfobedbreakfast.it\/nw\/wp-content\/uploads\/2024\/05\/ROMEO-JULIET-6-300x215.jpg 300w, https:\/\/www.castelgandolfobedbreakfast.it\/nw\/wp-content\/uploads\/2024\/05\/ROMEO-JULIET-6-1024x734.jpg 1024w, https:\/\/www.castelgandolfobedbreakfast.it\/nw\/wp-content\/uploads\/2024\/05\/ROMEO-JULIET-6-768x551.jpg 768w, https:\/\/www.castelgandolfobedbreakfast.it\/nw\/wp-content\/uploads\/2024\/05\/ROMEO-JULIET-6-700x502.jpg 700w\" sizes=\"(max-width: 1170px) 100vw, 1170px\" \/><\/a><\/figure><\/div><div class=\"elementor-image-box-content\"><h3 class=\"elementor-image-box-title\"><a href=\"https:\/\/www.castelgandolfobedbreakfast.it\/nw\/portfolio\/romeo-juliet\/\">Romeo & Juliet<\/a><\/h3><p class=\"elementor-image-box-description\">Un posto dove il sogno romantico pu\u00f2 diventare realt\u00e0. Un appartamento dotato di  ogni confort nel centro storico di Castel Gandolfo.<\/p><\/div><\/div>\t\t<\/div>\n\t\t\t\t<\/div>\n\t\t\t\t<\/div>\n\t\t<div class=\"elementor-element elementor-element-56b91dd e-con-full e-flex e-con e-child\" data-id=\"56b91dd\" data-element_type=\"container\">\n\t\t\t\t<div class=\"elementor-element elementor-element-2ae72ae elementor-position-top elementor-vertical-align-top elementor-widget elementor-widget-image-box\" data-id=\"2ae72ae\" data-element_type=\"widget\" data-widget_type=\"image-box.default\">\n\t\t\t\t<div class=\"elementor-widget-container\">\n\t\t\t<div class=\"elementor-image-box-wrapper elementor-button-\"><div class=\"elementor-image-framed\"><figure class=\"elementor-image-box-img\"><a href=\"https:\/\/www.castelgandolfobedbreakfast.it\/nw\/portfolio\/solox2\/\"><img decoding=\"async\" width=\"1600\" height=\"1204\" src=\"https:\/\/www.castelgandolfobedbreakfast.it\/nw\/wp-content\/uploads\/2024\/05\/SOLO-PER-DUE-3.jpg\" class=\"attachment-full size-full wp-image-7021\" alt=\"\" srcset=\"https:\/\/www.castelgandolfobedbreakfast.it\/nw\/wp-content\/uploads\/2024\/05\/SOLO-PER-DUE-3.jpg 1600w, https:\/\/www.castelgandolfobedbreakfast.it\/nw\/wp-content\/uploads\/2024\/05\/SOLO-PER-DUE-3-300x226.jpg 300w, https:\/\/www.castelgandolfobedbreakfast.it\/nw\/wp-content\/uploads\/2024\/05\/SOLO-PER-DUE-3-1024x771.jpg 1024w, https:\/\/www.castelgandolfobedbreakfast.it\/nw\/wp-content\/uploads\/2024\/05\/SOLO-PER-DUE-3-768x578.jpg 768w, https:\/\/www.castelgandolfobedbreakfast.it\/nw\/wp-content\/uploads\/2024\/05\/SOLO-PER-DUE-3-1536x1156.jpg 1536w, https:\/\/www.castelgandolfobedbreakfast.it\/nw\/wp-content\/uploads\/2024\/05\/SOLO-PER-DUE-3-700x527.jpg 700w\" sizes=\"(max-width: 1600px) 100vw, 1600px\" \/><\/a><\/figure><\/div><div class=\"elementor-image-box-content\"><h3 class=\"elementor-image-box-title\"><a href=\"https:\/\/www.castelgandolfobedbreakfast.it\/nw\/portfolio\/solox2\/\">SoloX2<\/a><\/h3><p class=\"elementor-image-box-description\">Un appartamento spazioso e finemente arredato, con un gusto ricercato e tradizionale come il centro di Castel Gandolfo<\/p><\/div><\/div>\t\t<\/div>\n\t\t\t\t<\/div>\n\t\t\t\t<\/div>\n\t\t\t\t\t<\/div>\n\t\t\t\t<\/div>\n\t\t<div class=\"elementor-element elementor-element-7f1809b e-flex e-con-boxed e-con e-parent\" data-id=\"7f1809b\" data-element_type=\"container\">\n\t\t\t\t\t<div class=\"e-con-inner\">\n\t\t\t\t<div class=\"elementor-element elementor-element-8fc7ce2 elementor-widget elementor-widget-text-editor\" data-id=\"8fc7ce2\" data-element_type=\"widget\" data-widget_type=\"text-editor.default\">\n\t\t\t\t<div class=\"elementor-widget-container\">\n\t\t\t<style>\/*! elementor - v3.21.0 - 08-05-2024 *\/\n.elementor-widget-text-editor.elementor-drop-cap-view-stacked .elementor-drop-cap{background-color:#69727d;color:#fff}.elementor-widget-text-editor.elementor-drop-cap-view-framed .elementor-drop-cap{color:#69727d;border:3px solid;background-color:transparent}.elementor-widget-text-editor:not(.elementor-drop-cap-view-default) .elementor-drop-cap{margin-top:8px}.elementor-widget-text-editor:not(.elementor-drop-cap-view-default) .elementor-drop-cap-letter{width:1em;height:1em}.elementor-widget-text-editor .elementor-drop-cap{float:left;text-align:center;line-height:1;font-size:50px}.elementor-widget-text-editor .elementor-drop-cap-letter{display:inline-block}<\/style>        <div class=\"elementor-text-editor elementor-clearfix\"><div><em>Orario check in: dalle 14 alle 21<\/em><\/div>\n<div><em>Orario check out: alle 10,30<\/em><\/div>\n<div>\n<div>&nbsp;<\/div>\n<div><em><strong>IL CHECK IN OLTRE L&#8217; ORARIO STABILITO DEVE ESSERE&nbsp;<\/strong><\/em><em style=\"font-size: 1rem;\"><strong>RICHIESTO IN ANTICIPO ALL&#8217;HOST ED APPROVATO<\/strong><\/em><\/div><div><em style=\"font-size: 1rem;\"><strong>IN CASO DI NON AVVISO E RITARDO OLTRE QUELLO STABILITO&nbsp;<\/strong><\/em><em style=\"font-size: 1rem;\"><strong>SI PAGHERA&#8217; UN SOVRAPPEZZO DI \u20ac 20&nbsp;<\/strong><\/em><\/div>\n<\/div><\/div>\n        \t\t<\/div>\n\t\t\t\t<\/div>\n\t\t\t\t\t<\/div>\n\t\t\t\t<\/div>\n\t\t\t\t<\/div>\n\t\t","protected":false},"excerpt":{"rendered":"<p>Le nostre stanze Valentino L\u2019appartamento \u00e8 di recente ristrutturazione e molto curato nei dettagli. In ogni ambiente si respira l\u2019atmosfera inalterata di una citt\u00e0 ricca di storia. Romeo &#038; Juliet Un posto dove il sogno romantico pu\u00f2 diventare realt\u00e0. Un appartamento dotato di ogni confort nel centro storico di Castel Gandolfo. SoloX2 Un appartamento spazioso &hellip; <\/p>\n<p class=\"link-more\"><a href=\"https:\/\/www.castelgandolfobedbreakfast.it\/nw\/our-leaders\/\" class=\"more-link\">Read More <span class=\"screen-reader-text\"> &#8220;le nostre stanze&#8221;<\/span><\/a><\/p>\n","protected":false},"author":1,"featured_media":0,"parent":0,"menu_order":0,"comment_status":"closed","ping_status":"closed","template":"page-elementor.php","meta":{"_siteseo_robots_primary_cat":"","inline_featured_image":false,"footnotes":""},"class_list":["post-270","page","type-page","status-publish","hentry"],"yoast_head":"<!-- This site is optimized with the Yoast SEO plugin v23.0 - https:\/\/yoast.com\/wordpress\/plugins\/seo\/ -->\n<title>le nostre stanze - Atlantis Inn Castel Gandolfo B&amp;B<\/title>\n<meta name=\"robots\" content=\"index, follow, max-snippet:-1, max-image-preview:large, max-video-preview:-1\" \/>\n<link rel=\"canonical\" href=\"https:\/\/www.castelgandolfobedbreakfast.it\/nw\/our-leaders\/\" \/>\n<meta property=\"og:locale\" content=\"it_IT\" \/>\n<meta property=\"og:type\" content=\"article\" \/>\n<meta property=\"og:title\" content=\"le nostre stanze - Atlantis Inn Castel Gandolfo B&amp;B\" \/>\n<meta property=\"og:description\" content=\"Le nostre stanze Valentino L\u2019appartamento \u00e8 di recente ristrutturazione e molto curato nei dettagli. In ogni ambiente si respira l\u2019atmosfera inalterata di una citt\u00e0 ricca di storia. Romeo &#038; Juliet Un posto dove il sogno romantico pu\u00f2 diventare realt\u00e0. Un appartamento dotato di ogni confort nel centro storico di Castel Gandolfo. SoloX2 Un appartamento spazioso &hellip; Read More &quot;le nostre stanze&quot;\" \/>\n<meta property=\"og:url\" content=\"https:\/\/www.castelgandolfobedbreakfast.it\/nw\/our-leaders\/\" \/>\n<meta property=\"og:site_name\" content=\"Atlantis Inn Castel Gandolfo B&amp;B\" \/>\n<meta property=\"article:publisher\" content=\"https:\/\/www.facebook.com\/castelgandolfobedbreakfast\" \/>\n<meta property=\"article:modified_time\" content=\"2025-05-08T16:21:41+00:00\" \/>\n<meta property=\"og:image\" content=\"https:\/\/www.castelgandolfobedbreakfast.it\/nw\/wp-content\/uploads\/2024\/05\/VALENTINO-2.jpg\" \/>\n<meta name=\"twitter:card\" content=\"summary_large_image\" \/>\n<meta name=\"twitter:label1\" content=\"Tempo di lettura stimato\" \/>\n\t<meta name=\"twitter:data1\" content=\"2 minuti\" \/>\n<script type=\"application\/ld+json\" class=\"yoast-schema-graph\">{\"@context\":\"https:\/\/schema.org\",\"@graph\":[{\"@type\":\"WebPage\",\"@id\":\"https:\/\/www.castelgandolfobedbreakfast.it\/nw\/our-leaders\/\",\"url\":\"https:\/\/www.castelgandolfobedbreakfast.it\/nw\/our-leaders\/\",\"name\":\"le nostre stanze - Atlantis Inn Castel Gandolfo B&amp;B\",\"isPartOf\":{\"@id\":\"https:\/\/www.castelgandolfobedbreakfast.it\/nw\/#website\"},\"primaryImageOfPage\":{\"@id\":\"https:\/\/www.castelgandolfobedbreakfast.it\/nw\/our-leaders\/#primaryimage\"},\"image\":{\"@id\":\"https:\/\/www.castelgandolfobedbreakfast.it\/nw\/our-leaders\/#primaryimage\"},\"thumbnailUrl\":\"https:\/\/www.castelgandolfobedbreakfast.it\/nw\/wp-content\/uploads\/2024\/05\/VALENTINO-2.jpg\",\"datePublished\":\"2019-10-23T01:59:45+00:00\",\"dateModified\":\"2025-05-08T16:21:41+00:00\",\"breadcrumb\":{\"@id\":\"https:\/\/www.castelgandolfobedbreakfast.it\/nw\/our-leaders\/#breadcrumb\"},\"inLanguage\":\"it-IT\",\"potentialAction\":[{\"@type\":\"ReadAction\",\"target\":[\"https:\/\/www.castelgandolfobedbreakfast.it\/nw\/our-leaders\/\"]}]},{\"@type\":\"ImageObject\",\"inLanguage\":\"it-IT\",\"@id\":\"https:\/\/www.castelgandolfobedbreakfast.it\/nw\/our-leaders\/#primaryimage\",\"url\":\"https:\/\/www.castelgandolfobedbreakfast.it\/nw\/wp-content\/uploads\/2024\/05\/VALENTINO-2.jpg\",\"contentUrl\":\"https:\/\/www.castelgandolfobedbreakfast.it\/nw\/wp-content\/uploads\/2024\/05\/VALENTINO-2.jpg\"},{\"@type\":\"BreadcrumbList\",\"@id\":\"https:\/\/www.castelgandolfobedbreakfast.it\/nw\/our-leaders\/#breadcrumb\",\"itemListElement\":[{\"@type\":\"ListItem\",\"position\":1,\"name\":\"Home\",\"item\":\"https:\/\/www.castelgandolfobedbreakfast.it\/nw\/\"},{\"@type\":\"ListItem\",\"position\":2,\"name\":\"le nostre stanze\"}]},{\"@type\":\"WebSite\",\"@id\":\"https:\/\/www.castelgandolfobedbreakfast.it\/nw\/#website\",\"url\":\"https:\/\/www.castelgandolfobedbreakfast.it\/nw\/\",\"name\":\"Atlantis Inn Castel Gandolfo B&B\",\"description\":\"Bed and breakfast a Castel Gandolfo\",\"publisher\":{\"@id\":\"https:\/\/www.castelgandolfobedbreakfast.it\/nw\/#organization\"},\"alternateName\":\"Castel Gandolfo Bed & Breakfast\",\"potentialAction\":[{\"@type\":\"SearchAction\",\"target\":{\"@type\":\"EntryPoint\",\"urlTemplate\":\"https:\/\/www.castelgandolfobedbreakfast.it\/nw\/?s={search_term_string}\"},\"query-input\":\"required name=search_term_string\"}],\"inLanguage\":\"it-IT\"},{\"@type\":\"Organization\",\"@id\":\"https:\/\/www.castelgandolfobedbreakfast.it\/nw\/#organization\",\"name\":\"Atlantis Inn Castel Gandolfo B&B\",\"alternateName\":\"Castel Gandolfo Bed & Breakfast\",\"url\":\"https:\/\/www.castelgandolfobedbreakfast.it\/nw\/\",\"logo\":{\"@type\":\"ImageObject\",\"inLanguage\":\"it-IT\",\"@id\":\"https:\/\/www.castelgandolfobedbreakfast.it\/nw\/#\/schema\/logo\/image\/\",\"url\":\"https:\/\/www.castelgandolfobedbreakfast.it\/nw\/wp-content\/uploads\/2019\/10\/cropped-logo2022.jpg\",\"contentUrl\":\"https:\/\/www.castelgandolfobedbreakfast.it\/nw\/wp-content\/uploads\/2019\/10\/cropped-logo2022.jpg\",\"width\":150,\"height\":150,\"caption\":\"Atlantis Inn Castel Gandolfo B&B\"},\"image\":{\"@id\":\"https:\/\/www.castelgandolfobedbreakfast.it\/nw\/#\/schema\/logo\/image\/\"},\"sameAs\":[\"https:\/\/www.facebook.com\/castelgandolfobedbreakfast\",\"https:\/\/www.instagram.com\/atlantis.inn\/\"]}]}<\/script>\n<!-- \/ Yoast SEO plugin. -->","yoast_head_json":{"title":"le nostre stanze - Atlantis Inn Castel Gandolfo B&amp;B","robots":{"index":"index","follow":"follow","max-snippet":"max-snippet:-1","max-image-preview":"max-image-preview:large","max-video-preview":"max-video-preview:-1"},"canonical":"https:\/\/www.castelgandolfobedbreakfast.it\/nw\/our-leaders\/","og_locale":"it_IT","og_type":"article","og_title":"le nostre stanze - Atlantis Inn Castel Gandolfo B&amp;B","og_description":"Le nostre stanze Valentino L\u2019appartamento \u00e8 di recente ristrutturazione e molto curato nei dettagli. In ogni ambiente si respira l\u2019atmosfera inalterata di una citt\u00e0 ricca di storia. Romeo &#038; Juliet Un posto dove il sogno romantico pu\u00f2 diventare realt\u00e0. Un appartamento dotato di ogni confort nel centro storico di Castel Gandolfo. SoloX2 Un appartamento spazioso &hellip; Read More \"le nostre stanze\"","og_url":"https:\/\/www.castelgandolfobedbreakfast.it\/nw\/our-leaders\/","og_site_name":"Atlantis Inn Castel Gandolfo B&amp;B","article_publisher":"https:\/\/www.facebook.com\/castelgandolfobedbreakfast","article_modified_time":"2025-05-08T16:21:41+00:00","og_image":[{"url":"https:\/\/www.castelgandolfobedbreakfast.it\/nw\/wp-content\/uploads\/2024\/05\/VALENTINO-2.jpg"}],"twitter_card":"summary_large_image","twitter_misc":{"Tempo di lettura stimato":"2 minuti"},"schema":{"@context":"https:\/\/schema.org","@graph":[{"@type":"WebPage","@id":"https:\/\/www.castelgandolfobedbreakfast.it\/nw\/our-leaders\/","url":"https:\/\/www.castelgandolfobedbreakfast.it\/nw\/our-leaders\/","name":"le nostre stanze - Atlantis Inn Castel Gandolfo B&amp;B","isPartOf":{"@id":"https:\/\/www.castelgandolfobedbreakfast.it\/nw\/#website"},"primaryImageOfPage":{"@id":"https:\/\/www.castelgandolfobedbreakfast.it\/nw\/our-leaders\/#primaryimage"},"image":{"@id":"https:\/\/www.castelgandolfobedbreakfast.it\/nw\/our-leaders\/#primaryimage"},"thumbnailUrl":"https:\/\/www.castelgandolfobedbreakfast.it\/nw\/wp-content\/uploads\/2024\/05\/VALENTINO-2.jpg","datePublished":"2019-10-23T01:59:45+00:00","dateModified":"2025-05-08T16:21:41+00:00","breadcrumb":{"@id":"https:\/\/www.castelgandolfobedbreakfast.it\/nw\/our-leaders\/#breadcrumb"},"inLanguage":"it-IT","potentialAction":[{"@type":"ReadAction","target":["https:\/\/www.castelgandolfobedbreakfast.it\/nw\/our-leaders\/"]}]},{"@type":"ImageObject","inLanguage":"it-IT","@id":"https:\/\/www.castelgandolfobedbreakfast.it\/nw\/our-leaders\/#primaryimage","url":"https:\/\/www.castelgandolfobedbreakfast.it\/nw\/wp-content\/uploads\/2024\/05\/VALENTINO-2.jpg","contentUrl":"https:\/\/www.castelgandolfobedbreakfast.it\/nw\/wp-content\/uploads\/2024\/05\/VALENTINO-2.jpg"},{"@type":"BreadcrumbList","@id":"https:\/\/www.castelgandolfobedbreakfast.it\/nw\/our-leaders\/#breadcrumb","itemListElement":[{"@type":"ListItem","position":1,"name":"Home","item":"https:\/\/www.castelgandolfobedbreakfast.it\/nw\/"},{"@type":"ListItem","position":2,"name":"le nostre stanze"}]},{"@type":"WebSite","@id":"https:\/\/www.castelgandolfobedbreakfast.it\/nw\/#website","url":"https:\/\/www.castelgandolfobedbreakfast.it\/nw\/","name":"Atlantis Inn Castel Gandolfo B&B","description":"Bed and breakfast a Castel Gandolfo","publisher":{"@id":"https:\/\/www.castelgandolfobedbreakfast.it\/nw\/#organization"},"alternateName":"Castel Gandolfo Bed & Breakfast","potentialAction":[{"@type":"SearchAction","target":{"@type":"EntryPoint","urlTemplate":"https:\/\/www.castelgandolfobedbreakfast.it\/nw\/?s={search_term_string}"},"query-input":"required name=search_term_string"}],"inLanguage":"it-IT"},{"@type":"Organization","@id":"https:\/\/www.castelgandolfobedbreakfast.it\/nw\/#organization","name":"Atlantis Inn Castel Gandolfo B&B","alternateName":"Castel Gandolfo Bed & Breakfast","url":"https:\/\/www.castelgandolfobedbreakfast.it\/nw\/","logo":{"@type":"ImageObject","inLanguage":"it-IT","@id":"https:\/\/www.castelgandolfobedbreakfast.it\/nw\/#\/schema\/logo\/image\/","url":"https:\/\/www.castelgandolfobedbreakfast.it\/nw\/wp-content\/uploads\/2019\/10\/cropped-logo2022.jpg","contentUrl":"https:\/\/www.castelgandolfobedbreakfast.it\/nw\/wp-content\/uploads\/2019\/10\/cropped-logo2022.jpg","width":150,"height":150,"caption":"Atlantis Inn Castel Gandolfo B&B"},"image":{"@id":"https:\/\/www.castelgandolfobedbreakfast.it\/nw\/#\/schema\/logo\/image\/"},"sameAs":["https:\/\/www.facebook.com\/castelgandolfobedbreakfast","https:\/\/www.instagram.com\/atlantis.inn\/"]}]}},"_links":{"self":[{"href":"https:\/\/www.castelgandolfobedbreakfast.it\/nw\/wp-json\/wp\/v2\/pages\/270","targetHints":{"allow":["GET"]}}],"collection":[{"href":"https:\/\/www.castelgandolfobedbreakfast.it\/nw\/wp-json\/wp\/v2\/pages"}],"about":[{"href":"https:\/\/www.castelgandolfobedbreakfast.it\/nw\/wp-json\/wp\/v2\/types\/page"}],"author":[{"embeddable":true,"href":"https:\/\/www.castelgandolfobedbreakfast.it\/nw\/wp-json\/wp\/v2\/users\/1"}],"replies":[{"embeddable":true,"href":"https:\/\/www.castelgandolfobedbreakfast.it\/nw\/wp-json\/wp\/v2\/comments?post=270"}],"version-history":[{"count":35,"href":"https:\/\/www.castelgandolfobedbreakfast.it\/nw\/wp-json\/wp\/v2\/pages\/270\/revisions"}],"predecessor-version":[{"id":7830,"href":"https:\/\/www.castelgandolfobedbreakfast.it\/nw\/wp-json\/wp\/v2\/pages\/270\/revisions\/7830"}],"wp:attachment":[{"href":"https:\/\/www.castelgandolfobedbreakfast.it\/nw\/wp-json\/wp\/v2\/media?parent=270"}],"curies":[{"name":"wp","href":"https:\/\/api.w.org\/{rel}","templated":true}]}}